{"id":3186,"date":"2019-05-14T12:32:24","date_gmt":"2019-05-14T10:32:24","guid":{"rendered":"https:\/\/brings-online.com\/demo\/wordpress-theme-handwerk\/?page_id=3186"},"modified":"2019-11-12T12:56:31","modified_gmt":"2019-11-12T12:56:31","slug":"start-beispiel-schreinerei","status":"publish","type":"page","link":"https:\/\/der-fliesen-profi.com\/","title":{"rendered":"Fliesenprofi"},"content":{"rendered":"\n<div style=\"background-color:#5d7da4;padding-left:2.5%;padding-top:0.5%\" class=\"wp-block-atomic-blocks-ab-container ab-block-container\"><div class=\"ab-container-inside\"><div class=\"ab-container-content\" style=\"max-width:1360px\">\n<div class=\"wp-block-columns has-4-columns is-layout-flex wp-container-core-columns-is-layout-9d6595d7 wp-block-columns-is-layout-flex\">\n<div class=\"wp-block-column is-layout-flow wp-block-column-is-layout-flow\"><a class=\"icon-button\" style=\"background:#5D7DA4\"  ><div class=\"bic\"><i style=\"color:#f0f1f6\" class=\"icofont-compass-alt-3\"><\/i><\/div>\n<span class=\"icon-button-row1\" style=\"color:#f0f1f6\">Wir beraten und planen<\/span><span class=\"icon-button-row2\" style=\"color:#f0f1f6\">Projektplanungen<\/span><\/a><\/div>\n\n\n\n<div class=\"wp-block-column is-layout-flow wp-block-column-is-layout-flow\"><a class=\"icon-button\" style=\"background:#5D7DA4\"  ><div class=\"bic\"><i style=\"color:#f0f1f6\" class=\"icofont-drag2\"><\/i><\/div>\n<span class=\"icon-button-row1\" style=\"color:#f0f1f6\">Naturstein &amp; Mosaik<\/span><span class=\"icon-button-row2\" style=\"color:#f0f1f6\">Verlegung<\/span><\/a><\/div>\n\n\n\n<div class=\"wp-block-column is-layout-flow wp-block-column-is-layout-flow\"><a class=\"icon-button\" style=\"background:#5D7DA4\"  ><div class=\"bic\"><i style=\"color:#f0f1f6\" class=\"icofont-wall\"><\/i><\/div>\n<span class=\"icon-button-row1\" style=\"color:#f0f1f6\">Fliesen &amp; Trockenbau<\/span><span class=\"icon-button-row2\" style=\"color:#f0f1f6\">Verlegung<\/span><\/a><\/div>\n\n\n\n<div class=\"wp-block-column is-layout-flow wp-block-column-is-layout-flow\"><a class=\"icon-button\" style=\"background:#5D7DA4\"  ><div class=\"bic\"><i style=\"color:#F0F1F6\" class=\"icofont-phone\"><\/i><\/div>\n<span class=\"icon-button-row1\" style=\"color:#F0F1F6\">Kontakt<\/span><span class=\"icon-button-row2\" style=\"color:#F0F1F6\">0171\/4517695<\/span><\/a><\/div>\n<\/div>\n<\/div><\/div><\/div>\n\n\n\n<div class=\"wp-block-columns has-2-columns is-layout-flex wp-container-core-columns-is-layout-9d6595d7 wp-block-columns-is-layout-flex\">\n<div class=\"wp-block-column is-layout-flow wp-block-column-is-layout-flow\"><div class=\"slogan links\">\n<div class=\"preambel\">\n<span style=\"color:#5d7da4;\">\u00dcber uns<\/span>\n<\/div>\n<h1 style=\"font-size:23px; color:#424A59;\">\n<span class=\"slogan-mobile\">Willkommen beim Fliesenprofi<\/span><\/h1><span style=\"background:#5d7da4\"><\/span><\/div>\n\t\n\t\n\n\n<p>Wir sind ein kleiner, flexibler und zuverl\u00e4ssiger Handwerksbetrieb, der sich mit Fliesen-, Platten- und Natursteinarbeiten besch\u00e4ftigt. Mit \u00fcber 20 Jahren Berufserfahrung sind wir erfolgreich am Markt t\u00e4tig und konnten jederzeit unsere Kunden mit unseren Arbeiten begeistern. Durch den Einsatz moderner Technologien in unserem Unternehmen, ist es uns m\u00f6glich, die Arbeiten schnell, fachgerecht, sauber, flexibel und effektiv auszuf\u00fchren. Um auch gr\u00f6\u00dfere Projekte zuverl\u00e4ssig erledigen zu k\u00f6nnen, ist unser Unternehmen im Verbund mit anderen ausgesuchten Firmen. Wir arbeiten in ganz Deutschland, vorwiegend in Niedersachen.<br><br>Anfragen werden von uns jederzeit gerne und ausf\u00fchrlich beantwortet.<\/p>\n\n\n\n<p>Ihr Mariusz Zelent.<\/p>\n<\/div>\n\n\n\n<div class=\"wp-block-column is-layout-flow wp-block-column-is-layout-flow\"><div class=\"slogan links\">\n<div class=\"preambel\">\n<span style=\"color:#5d7da4;\">Unsere Leistungen<\/span>\n<\/div>\n<h2 style=\"font-size:23px; color:#424A59;\">\n<span class=\"slogan-mobile\">Was wir f\u00fcr Sie tun k\u00f6nnen<\/span><\/h2><span style=\"background:#5d7da4\"><\/span><\/div>\n\t\n\t\n\n\n<ul class=\"check wp-block-list\"><li>Fliesenverlegung<\/li><li>Natursteinarbeiten<\/li><li>Trockenbauarbeiten<\/li><li>Mosaikverlegung<\/li><\/ul>\n<\/div>\n<\/div>\n\n\n\n<div style=\"height:38px\" aria-hidden=\"true\" class=\"wp-block-spacer\"><\/div>\n\n\n\n<div class=\"wp-block-columns has-2-columns is-layout-flex wp-container-core-columns-is-layout-9d6595d7 wp-block-columns-is-layout-flex\">\n<div class=\"wp-block-column is-layout-flow wp-block-column-is-layout-flow\">\n<div style=\"background-color:#f0f1f6;padding-left:2.5%;padding-right:2.5%;padding-bottom:1%;padding-top:2%;margin-top:3%\" class=\"wp-block-atomic-blocks-ab-container ab-block-container\"><div class=\"ab-container-inside\"><div class=\"ab-container-content\" style=\"max-width:700px\"><div class=\"slogan links\">\n<div class=\"preambel\">\n<span style=\"color:#5C7CA3;\">Unsere Fliesenlegerrei<\/span>\n<\/div>\n<h3 style=\"font-size:27px; color:#424A59;\">\n<span class=\"slogan-mobile\">Fliesen sind unsere Leidenschaft<\/span><\/h3><span style=\"background:#5C7CA3\"><\/span><\/div>\n\t\n\t\n\n\n<p style=\"font-size:18px\">Gerne erstellen wir Ihnen ein konkretes Angebot f\u00fcr Ihre Bed\u00fcrfnisse, rufen Sie uns an oder hinterlassen Sie uns eine E-Mail.<\/p>\n\n\n\n<div style=\"height:20px\" aria-hidden=\"true\" class=\"wp-block-spacer\"><\/div>\n\n\n\n<div class=\"wp-block-columns has-2-columns is-layout-flex wp-container-core-columns-is-layout-9d6595d7 wp-block-columns-is-layout-flex\">\n<div class=\"wp-block-column is-layout-flow wp-block-column-is-layout-flow\"><div class=\"content-button\"><a style=\"border:2px solid #5C7CA3; color:#5C7CA3;\" href=\"\/index.php\/kontakt\/\" target=\"_self\" >Kontakt Aufnehmen<\/a><\/div><\/div>\n\n\n\n<div class=\"wp-block-column is-layout-flow wp-block-column-is-layout-flow\"><div class=\"content-button\"><a style=\"border:2px solid #5C7CA3; color:#5C7CA3;\" href=\"\/index.php\/leistungen\/\" target=\"_self\" >Referenzen anschauen<\/a><\/div><\/div>\n<\/div>\n<\/div><\/div><\/div>\n\n\n\n<p><\/p>\n<\/div>\n\n\n\n<div class=\"wp-block-column is-layout-flow wp-block-column-is-layout-flow\">\n<div class=\"wp-block-columns has-2-columns is-layout-flex wp-container-core-columns-is-layout-9d6595d7 wp-block-columns-is-layout-flex\">\n<div class=\"wp-block-column is-layout-flow wp-block-column-is-layout-flow\"><div class=\"team-single-box teambox clearfix\">\n\t<div class=\"slb team-list-box-image\">\n<img decoding=\"async\" src=\"https:\/\/der-fliesen-profi.com\/wp-content\/uploads\/2019\/10\/fliesenleger.jpg\" srcset=\"\" alt=\"Mariusz Zelent\" \/>\n\t\n<\/div><div class=\"slb\" >\n<h3>Mariusz Zelent<\/h3>\n<ul class=\"teampage profilelist\">\n<li class=\"profiletitle\">Gesch\u00e4ftsf\u00fchrer<\/li><li><span><i class=\"icofont-envelope\"><\/i><\/span> info@der-fliesen-profi.com<\/li><li><span><i class=\" icofont-phone\"><\/i><\/span> 0551 \/ 63 14 87<\/li><li><span><i class=\"icofont-iphone\"><\/i><\/span> 0171 \/ 45 17 695<\/li><\/ul>\n\t\n<div class=\"clear\"><\/div>\n<\/div>\n<\/div>\n\n\n<p><\/p>\n<\/div>\n\n\n\n<div class=\"wp-block-column is-layout-flow wp-block-column-is-layout-flow\">\n<p><\/p>\n<\/div>\n<\/div>\n<\/div>\n<\/div>\n\n\n\n<ul class=\"wp-block-gallery columns-3 is-cropped wp-block-gallery-1 is-layout-flex wp-block-gallery-is-layout-flex\"><li class=\"blocks-gallery-item\"><figure><img loading=\"lazy\" decoding=\"async\" width=\"1024\" height=\"768\" src=\"https:\/\/der-fliesen-profi.com\/wp-content\/uploads\/2019\/10\/IMG_3777-1024x768.jpg\" alt=\"\" data-id=\"4332\" data-link=\"https:\/\/der-fliesen-profi.com\/index.php\/start-beispiel-schreinerei\/img_3777\/\" class=\"wp-image-4332\" srcset=\"https:\/\/der-fliesen-profi.com\/wp-content\/uploads\/2019\/10\/IMG_3777-1024x768.jpg 1024w, https:\/\/der-fliesen-profi.com\/wp-content\/uploads\/2019\/10\/IMG_3777-300x225.jpg 300w, https:\/\/der-fliesen-profi.com\/wp-content\/uploads\/2019\/10\/IMG_3777-768x576.jpg 768w, https:\/\/der-fliesen-profi.com\/wp-content\/uploads\/2019\/10\/IMG_3777-305x229.jpg 305w, https:\/\/der-fliesen-profi.com\/wp-content\/uploads\/2019\/10\/IMG_3777-1360x1020.jpg 1360w, https:\/\/der-fliesen-profi.com\/wp-content\/uploads\/2019\/10\/IMG_3777-840x630.jpg 840w, https:\/\/der-fliesen-profi.com\/wp-content\/uploads\/2019\/10\/IMG_3777-480x360.jpg 480w\" sizes=\"auto, (max-width: 1024px) 100vw, 1024px\" \/><\/figure><\/li><li class=\"blocks-gallery-item\"><figure><img loading=\"lazy\" decoding=\"async\" width=\"1024\" height=\"768\" src=\"https:\/\/der-fliesen-profi.com\/wp-content\/uploads\/2019\/10\/IMG_3788-1024x768.jpg\" alt=\"\" data-id=\"4334\" data-link=\"https:\/\/der-fliesen-profi.com\/index.php\/start-beispiel-schreinerei\/img_3788\/\" class=\"wp-image-4334\" srcset=\"https:\/\/der-fliesen-profi.com\/wp-content\/uploads\/2019\/10\/IMG_3788-1024x768.jpg 1024w, https:\/\/der-fliesen-profi.com\/wp-content\/uploads\/2019\/10\/IMG_3788-300x225.jpg 300w, https:\/\/der-fliesen-profi.com\/wp-content\/uploads\/2019\/10\/IMG_3788-768x576.jpg 768w, https:\/\/der-fliesen-profi.com\/wp-content\/uploads\/2019\/10\/IMG_3788-305x229.jpg 305w, https:\/\/der-fliesen-profi.com\/wp-content\/uploads\/2019\/10\/IMG_3788-1360x1020.jpg 1360w, https:\/\/der-fliesen-profi.com\/wp-content\/uploads\/2019\/10\/IMG_3788-840x630.jpg 840w, https:\/\/der-fliesen-profi.com\/wp-content\/uploads\/2019\/10\/IMG_3788-480x360.jpg 480w\" sizes=\"auto, (max-width: 1024px) 100vw, 1024px\" \/><\/figure><\/li><li class=\"blocks-gallery-item\"><figure><img loading=\"lazy\" decoding=\"async\" width=\"640\" height=\"480\" src=\"https:\/\/der-fliesen-profi.com\/wp-content\/uploads\/2019\/10\/PICT2236.jpg\" alt=\"\" data-id=\"4773\" data-link=\"https:\/\/der-fliesen-profi.com\/index.php\/start-beispiel-schreinerei\/rollei-compactline-302-200\/\" class=\"wp-image-4773\" srcset=\"https:\/\/der-fliesen-profi.com\/wp-content\/uploads\/2019\/10\/PICT2236.jpg 640w, https:\/\/der-fliesen-profi.com\/wp-content\/uploads\/2019\/10\/PICT2236-300x225.jpg 300w, https:\/\/der-fliesen-profi.com\/wp-content\/uploads\/2019\/10\/PICT2236-305x229.jpg 305w, https:\/\/der-fliesen-profi.com\/wp-content\/uploads\/2019\/10\/PICT2236-480x360.jpg 480w\" sizes=\"auto, (max-width: 640px) 100vw, 640px\" \/><\/figure><\/li><li class=\"blocks-gallery-item\"><figure><img loading=\"lazy\" decoding=\"async\" width=\"1024\" height=\"768\" src=\"https:\/\/der-fliesen-profi.com\/wp-content\/uploads\/2019\/10\/IMG_3863-1024x768.jpg\" alt=\"\" data-id=\"4653\" data-link=\"https:\/\/der-fliesen-profi.com\/index.php\/start-beispiel-schreinerei\/img_3863\/\" class=\"wp-image-4653\" srcset=\"https:\/\/der-fliesen-profi.com\/wp-content\/uploads\/2019\/10\/IMG_3863-1024x768.jpg 1024w, https:\/\/der-fliesen-profi.com\/wp-content\/uploads\/2019\/10\/IMG_3863-300x225.jpg 300w, https:\/\/der-fliesen-profi.com\/wp-content\/uploads\/2019\/10\/IMG_3863-768x576.jpg 768w, https:\/\/der-fliesen-profi.com\/wp-content\/uploads\/2019\/10\/IMG_3863-305x229.jpg 305w, https:\/\/der-fliesen-profi.com\/wp-content\/uploads\/2019\/10\/IMG_3863-1360x1020.jpg 1360w, https:\/\/der-fliesen-profi.com\/wp-content\/uploads\/2019\/10\/IMG_3863-840x630.jpg 840w, https:\/\/der-fliesen-profi.com\/wp-content\/uploads\/2019\/10\/IMG_3863-480x360.jpg 480w\" sizes=\"auto, (max-width: 1024px) 100vw, 1024px\" \/><\/figure><\/li><li class=\"blocks-gallery-item\"><figure><img loading=\"lazy\" decoding=\"async\" width=\"640\" height=\"480\" src=\"https:\/\/der-fliesen-profi.com\/wp-content\/uploads\/2019\/10\/PICT2395.jpg\" alt=\"\" data-id=\"4791\" data-link=\"https:\/\/der-fliesen-profi.com\/index.php\/start-beispiel-schreinerei\/rollei-compactline-302-218\/\" class=\"wp-image-4791\" srcset=\"https:\/\/der-fliesen-profi.com\/wp-content\/uploads\/2019\/10\/PICT2395.jpg 640w, https:\/\/der-fliesen-profi.com\/wp-content\/uploads\/2019\/10\/PICT2395-300x225.jpg 300w, https:\/\/der-fliesen-profi.com\/wp-content\/uploads\/2019\/10\/PICT2395-305x229.jpg 305w, https:\/\/der-fliesen-profi.com\/wp-content\/uploads\/2019\/10\/PICT2395-480x360.jpg 480w\" sizes=\"auto, (max-width: 640px) 100vw, 640px\" \/><\/figure><\/li><\/ul>\n\n\n\n<div style=\"height:100px\" aria-hidden=\"true\" class=\"wp-block-spacer\"><\/div>\n\n\n","protected":false},"excerpt":{"rendered":"<p>Wir sind ein kleiner, flexibler und zuverl\u00e4ssiger Handwerksbetrieb, der sich mit Fliesen-, Platten- und Natursteinarbeiten besch\u00e4ftigt. Mit \u00fcber 20 Jahren Berufserfahrung sind wir erfolgreich am Markt t\u00e4tig und konnten jederzeit unsere Kunden mit unseren Arbeiten begeistern. Durch den Einsatz moderner Technologien in unserem Unternehmen, ist es uns m\u00f6glich, die Arbeiten schnell, fachgerecht, sauber, flexibel und<\/p>\n","protected":false},"author":1,"featured_media":0,"parent":0,"menu_order":0,"comment_status":"closed","ping_status":"closed","template":"page-fullwidth.php","meta":{"footnotes":""},"class_list":["post-3186","page","type-page","status-publish","hentry"],"featured_image_src":null,"featured_image_src_square":null,"_links":{"self":[{"href":"https:\/\/der-fliesen-profi.com\/index.php\/wp-json\/wp\/v2\/pages\/3186","targetHints":{"allow":["GET"]}}],"collection":[{"href":"https:\/\/der-fliesen-profi.com\/index.php\/wp-json\/wp\/v2\/pages"}],"about":[{"href":"https:\/\/der-fliesen-profi.com\/index.php\/wp-json\/wp\/v2\/types\/page"}],"author":[{"embeddable":true,"href":"https:\/\/der-fliesen-profi.com\/index.php\/wp-json\/wp\/v2\/users\/1"}],"replies":[{"embeddable":true,"href":"https:\/\/der-fliesen-profi.com\/index.php\/wp-json\/wp\/v2\/comments?post=3186"}],"version-history":[{"count":17,"href":"https:\/\/der-fliesen-profi.com\/index.php\/wp-json\/wp\/v2\/pages\/3186\/revisions"}],"predecessor-version":[{"id":4948,"href":"https:\/\/der-fliesen-profi.com\/index.php\/wp-json\/wp\/v2\/pages\/3186\/revisions\/4948"}],"wp:attachment":[{"href":"https:\/\/der-fliesen-profi.com\/index.php\/wp-json\/wp\/v2\/media?parent=3186"}],"curies":[{"name":"wp","href":"https:\/\/api.w.org\/{rel}","templated":true}]}}