{"id":3192,"date":"2019-05-14T12:47:17","date_gmt":"2019-05-14T10:47:17","guid":{"rendered":"https:\/\/brings-online.com\/demo\/wordpress-theme-handwerk\/?page_id=3192"},"modified":"2019-10-30T11:22:02","modified_gmt":"2019-10-30T11:22:02","slug":"kontakt","status":"publish","type":"page","link":"https:\/\/der-fliesen-profi.com\/index.php\/kontakt\/","title":{"rendered":"Kontakt"},"content":{"rendered":"\n<div class=\"wp-block-columns has-2-columns is-layout-flex wp-container-core-columns-is-layout-9d6595d7 wp-block-columns-is-layout-flex\">\n<div class=\"wp-block-column is-layout-flow wp-block-column-is-layout-flow\">\n<p><strong>Wir freuen uns \u00fcber Ihre Nachricht! Rufen Sie uns an oder senden Sie eine E-Mail \u00fcber das Kontaktformular. Wir melden uns umgehend zur\u00fcck &#8211; versprochen! <\/strong><\/p>\n\n\n\n<p><\/p>\n\n\n\n<p><\/p>\n<\/div>\n\n\n\n<div class=\"wp-block-column is-layout-flow wp-block-column-is-layout-flow\">\n<div class=\"wp-block-columns has-2-columns nomargin is-layout-flex wp-container-core-columns-is-layout-9d6595d7 wp-block-columns-is-layout-flex\">\n<div class=\"wp-block-column is-layout-flow wp-block-column-is-layout-flow\"><a class=\"icon-button\" style=\"background:#F0F1F6\" href=\"tel:123456789\" target=\"_self\"  ><div class=\"bic\"><i style=\"color:#383F4B\" class=\"icofont-phone-circle\"><\/i><\/div>\n<span class=\"icon-button-row1\" style=\"color:#383F4B\">Telefonnummer<\/span><span class=\"icon-button-row2\" style=\"color:#383F4B\">0551 \/ 63 14 87 0171 \/ 45 17 695<\/span><\/a>\n\n\n<p><\/p>\n<\/div>\n\n\n\n<div class=\"wp-block-column is-layout-flow wp-block-column-is-layout-flow\"><a class=\"icon-button\" style=\"background:#F0F1F6\"  ><div class=\"bic\"><i style=\"color:#383F4B\" class=\"icofont-wall-clock\"><\/i><\/div>\n<span class=\"icon-button-row1\" style=\"color:#383F4B\">Unsere B\u00fcrozeiten<\/span><span class=\"icon-button-row2\" style=\"color:#383F4B\">MO-FR: 08:00 bis 18:00 Uhr<\/span><\/a><\/div>\n<\/div>\n\n\n\n<div style=\"height:20px\" aria-hidden=\"true\" class=\"wp-block-spacer\"><\/div>\n<\/div>\n<\/div>\n\n\n\n<hr class=\"wp-block-separator is-style-wide\"\/>\n\n\n\n<div class=\"wp-block-columns has-2-columns is-layout-flex wp-container-core-columns-is-layout-9d6595d7 wp-block-columns-is-layout-flex\">\n<div class=\"wp-block-column is-layout-flow wp-block-column-is-layout-flow\"><div class=\"slogan links\">\n<div class=\"preambel\">\n<span style=\"color:#004a86;\">Kontakt per E-Mail<\/span>\n<\/div>\n<h3 style=\"font-size:23px; color:#424A59;\">\n<span class=\"slogan-mobile\">Nutzen Sie unser Kontaktformular<\/span><\/h3><span style=\"background:#004a86\"><\/span><\/div>\n\t\n\t\n\n<div role=\"form\" class=\"wpcf7\" id=\"wpcf7-f3969-o1\" lang=\"de-DE\" dir=\"ltr\">\n<div class=\"screen-reader-response\"><\/div>\n<form action=\"\/index.php\/wp-json\/wp\/v2\/pages\/3192#wpcf7-f3969-o1\" method=\"post\" class=\"wpcf7-form\" novalidate=\"novalidate\">\n<div style=\"display: none;\">\n<input type=\"hidden\" name=\"_wpcf7\" value=\"3969\" \/>\n<input type=\"hidden\" name=\"_wpcf7_version\" value=\"5.1.6\" \/>\n<input type=\"hidden\" name=\"_wpcf7_locale\" value=\"de_DE\" \/>\n<input type=\"hidden\" name=\"_wpcf7_unit_tag\" value=\"wpcf7-f3969-o1\" \/>\n<input type=\"hidden\" name=\"_wpcf7_container_post\" value=\"0\" \/>\n<input type=\"hidden\" name=\"g-recaptcha-response\" value=\"\" \/>\n<\/div>\n<p><i class=\"icofont-id-card\"><\/i><span class=\"wpcf7-form-control-wrap kontakt-name\"><input type=\"text\" name=\"kontakt-name\" value=\"\" size=\"40\" class=\"wpcf7-form-control wpcf7-text wpcf7-validates-as-required\" aria-required=\"true\" aria-invalid=\"false\" placeholder=\"Ihr Name\" \/><\/span><\/p>\n<p><i class=\"icofont-mail\"><\/i><span class=\"wpcf7-form-control-wrap kontakt-mail\"><input type=\"email\" name=\"kontakt-mail\" value=\"\" size=\"40\" class=\"wpcf7-form-control wpcf7-text wpcf7-email wpcf7-validates-as-required wpcf7-validates-as-email\" aria-required=\"true\" aria-invalid=\"false\" placeholder=\"Ihre E-Mail Adresse\" \/><\/span><\/p>\n<p><i class=\"icofont-location-pin\"><\/i><span class=\"wpcf7-form-control-wrap kontakt-adresse\"><input type=\"text\" name=\"kontakt-adresse\" value=\"\" size=\"40\" class=\"wpcf7-form-control wpcf7-text wpcf7-validates-as-required\" aria-required=\"true\" aria-invalid=\"false\" placeholder=\"Ihre Adresse\" \/><\/span><\/p>\n<p><i class=\"icofont-phone-circle\"><\/i><span class=\"wpcf7-form-control-wrap kontakt-telefon\"><input type=\"tel\" name=\"kontakt-telefon\" value=\"\" size=\"40\" class=\"wpcf7-form-control wpcf7-text wpcf7-tel wpcf7-validates-as-required wpcf7-validates-as-tel\" aria-required=\"true\" aria-invalid=\"false\" placeholder=\"Ihre Telefonnummer\" \/><\/span><\/p>\n<p><i class=\"icofont-pencil\"><\/i><span class=\"wpcf7-form-control-wrap anfrage-message\"><textarea name=\"anfrage-message\" cols=\"40\" rows=\"5\" class=\"wpcf7-form-control wpcf7-textarea wpcf7-validates-as-required\" aria-required=\"true\" aria-invalid=\"false\" placeholder=\"Ihre Nachricht\"><\/textarea><\/span><\/p>\n<p><span class=\"wpcf7-form-control-wrap acceptance-ds\"><span class=\"wpcf7-form-control wpcf7-acceptance\"><span class=\"wpcf7-list-item\"><label><input type=\"checkbox\" name=\"acceptance-ds\" value=\"1\" aria-invalid=\"false\" \/><span class=\"wpcf7-list-item-label\">Ja, ich habe die <a href=\"\/index.php\/datenschutzerklaerung\/\">Datenschutzerkl\u00e4rung<\/a> zur Kenntnis genommen und bin damit einverstanden, dass meine Daten zur zweckgebundenen Bearbeitung meiner Nachricht elektronisch erhoben und gespeichert werden.*<\/span><\/label><\/span><\/span><\/span><input type=\"submit\" value=\"Nachricht absenden\" class=\"wpcf7-form-control wpcf7-submit\" \/><\/p>\n<div class=\"wpcf7-response-output wpcf7-display-none\"><\/div><\/form><\/div>\n<\/div>\n\n\n\n<div class=\"wp-block-column is-layout-flow wp-block-column-is-layout-flow\"><div class=\"slogan links\">\n<div class=\"preambel\">\n<span style=\"color:#004a86;\">Besuchen Sie uns<\/span>\n<\/div>\n<h3 style=\"font-size:23px; color:#424A59;\">\n<span class=\"slogan-mobile\">Hier finden Sie unser B\u00fcro <\/span><\/h3><span style=\"background:#004a86\"><\/span><\/div>\n\t\n\t\n\n\n<p>Bitte rufen Sie uns vor Ihrem Besuch kurz an, damit sicher gestellt ist, dass sich sofort jemand um Ihre Fragen k\u00fcmmern kann! <\/p>\n\n\n<div id=\"map-canvas\"><iframe loading=\"lazy\" width=\"100%\" height=\"300\" frameborder=\"0\" scrolling=\"no\" marginheight=\"0\" marginwidth=\"0\" src=\"https:\/\/maps.google.com\/maps?q=Karl-Marx-Str. 58,37081, G\u00f6ttingen,Deutschland&z=14&key=&ie=UTF8&output=embed\"><\/iframe><\/div>\n<\/div>\n<\/div>\n","protected":false},"excerpt":{"rendered":"<p>Wir freuen uns \u00fcber Ihre Nachricht! Rufen Sie uns an oder senden Sie eine E-Mail \u00fcber das Kontaktformular. Wir melden uns umgehend zur\u00fcck &#8211; versprochen! Bitte rufen Sie uns vor Ihrem Besuch kurz an, damit sicher gestellt ist, dass sich sofort jemand um Ihre Fragen k\u00fcmmern kann!<\/p>\n","protected":false},"author":1,"featured_media":0,"parent":0,"menu_order":0,"comment_status":"closed","ping_status":"closed","template":"page-contact.php","meta":{"footnotes":""},"class_list":["post-3192","page","type-page","status-publish","hentry"],"featured_image_src":null,"featured_image_src_square":null,"_links":{"self":[{"href":"https:\/\/der-fliesen-profi.com\/index.php\/wp-json\/wp\/v2\/pages\/3192","targetHints":{"allow":["GET"]}}],"collection":[{"href":"https:\/\/der-fliesen-profi.com\/index.php\/wp-json\/wp\/v2\/pages"}],"about":[{"href":"https:\/\/der-fliesen-profi.com\/index.php\/wp-json\/wp\/v2\/types\/page"}],"author":[{"embeddable":true,"href":"https:\/\/der-fliesen-profi.com\/index.php\/wp-json\/wp\/v2\/users\/1"}],"replies":[{"embeddable":true,"href":"https:\/\/der-fliesen-profi.com\/index.php\/wp-json\/wp\/v2\/comments?post=3192"}],"version-history":[{"count":14,"href":"https:\/\/der-fliesen-profi.com\/index.php\/wp-json\/wp\/v2\/pages\/3192\/revisions"}],"predecessor-version":[{"id":4862,"href":"https:\/\/der-fliesen-profi.com\/index.php\/wp-json\/wp\/v2\/pages\/3192\/revisions\/4862"}],"wp:attachment":[{"href":"https:\/\/der-fliesen-profi.com\/index.php\/wp-json\/wp\/v2\/media?parent=3192"}],"curies":[{"name":"wp","href":"https:\/\/api.w.org\/{rel}","templated":true}]}}