{"id":3357,"date":"2019-06-05T15:03:41","date_gmt":"2019-06-05T13:03:41","guid":{"rendered":"https:\/\/brings-online.com\/demo\/wordpress-theme-handwerk\/?page_id=3357"},"modified":"2019-11-12T13:32:36","modified_gmt":"2019-11-12T13:32:36","slug":"leistungen","status":"publish","type":"page","link":"https:\/\/der-fliesen-profi.com\/index.php\/leistungen\/","title":{"rendered":"Referenzen"},"content":{"rendered":"\n<div class=\"wp-block-columns has-2-columns is-layout-flex wp-container-core-columns-is-layout-9d6595d7 wp-block-columns-is-layout-flex\">\n<div class=\"wp-block-column is-layout-flow wp-block-column-is-layout-flow\">\n<p><strong>Bitte nehmen Sie sich die Zeit und schauen in aller Ruhe durch unsere Referenzen.  <\/strong>Alle gezeigten Arbeiten wurden von uns geplant und durchgef\u00fchrt. Wir beraten Sie gerne welche Fliesen am besten zu Ihrem Projekt passen. Durch den Einsatz von gepr\u00fcfter, hochwertiger und umweltfreundlicher Bauchemie garantieren wir Ihnen eine Fliesenverlegung, die den h\u00f6chsten Anspr\u00fcchen gerecht wird.<\/p>\n\n\n\n<p><strong>Lassen Sie sich inspirieren, wir helfen Ihnen bei der Wahl der Fliesen und nennen Ihnen den richtigen H\u00e4ndler<\/strong>. Damit Sie sicher sein k\u00f6nnen das nicht nur Design, sondern auch die Funktionalit\u00e4t gew\u00e4hrleistet ist.<\/p>\n<\/div>\n\n\n\n<div class=\"wp-block-column is-layout-flow wp-block-column-is-layout-flow\">\n<div class=\"wp-block-columns has-2-columns is-layout-flex wp-container-core-columns-is-layout-9d6595d7 wp-block-columns-is-layout-flex\">\n<div class=\"wp-block-column is-layout-flow wp-block-column-is-layout-flow\"><style>\n.boxcontent:before {content:\"\"; width:10px; height:3px; background: #F07241; position:absolute; top:-2px; right:-1px;} \n.boxcontent:after {content:\"\"; width:3px; height:30%; background: #F07241; position:absolute; top:0px; right:-1px;}\n<\/style>\n<div class=\"boxcontent\" >\n \t\n<div class=\"box-icon\" style=\"color:#606774;\"><i class=\"icofont-question-circle\" style=\"font-size:50px;\"><\/i><\/div>\n<h3>Sie haben Fragen?<\/h3>\n<p>Gerne beraten wir Sie und helfen bei der richtigen Vorbereitung f\u00fcr Ihren Umbau.<\/p>\n\t<a class=\"more-link\" target=\"_self\" href=\"\/index.php\/kontakt\/\"><span >Sprechen Sie uns an<\/span><\/a><\/div>\n\n\n<p><\/p>\n<\/div>\n\n\n\n<div class=\"wp-block-column is-layout-flow wp-block-column-is-layout-flow\"><\/div>\n<\/div>\n<\/div>\n<\/div>\n\n\n\n<div style=\"height:20px\" aria-hidden=\"true\" class=\"wp-block-spacer\"><\/div>\n\n\n\n<p><\/p>\n","protected":false},"excerpt":{"rendered":"<p>Bitte nehmen Sie sich die Zeit und schauen in aller Ruhe durch unsere Referenzen. Alle gezeigten Arbeiten wurden von uns geplant und durchgef\u00fchrt. Wir beraten Sie gerne welche Fliesen am besten zu Ihrem Projekt passen. Durch den Einsatz von gepr\u00fcfter, hochwertiger und umweltfreundlicher Bauchemie garantieren wir Ihnen eine Fliesenverlegung, die den h\u00f6chsten Anspr\u00fcchen gerecht wird.<\/p>\n","protected":false},"author":1,"featured_media":0,"parent":0,"menu_order":0,"comment_status":"closed","ping_status":"closed","template":"page-services.php","meta":{"footnotes":""},"class_list":["post-3357","page","type-page","status-publish","hentry"],"featured_image_src":null,"featured_image_src_square":null,"_links":{"self":[{"href":"https:\/\/der-fliesen-profi.com\/index.php\/wp-json\/wp\/v2\/pages\/3357","targetHints":{"allow":["GET"]}}],"collection":[{"href":"https:\/\/der-fliesen-profi.com\/index.php\/wp-json\/wp\/v2\/pages"}],"about":[{"href":"https:\/\/der-fliesen-profi.com\/index.php\/wp-json\/wp\/v2\/types\/page"}],"author":[{"embeddable":true,"href":"https:\/\/der-fliesen-profi.com\/index.php\/wp-json\/wp\/v2\/users\/1"}],"replies":[{"embeddable":true,"href":"https:\/\/der-fliesen-profi.com\/index.php\/wp-json\/wp\/v2\/comments?post=3357"}],"version-history":[{"count":4,"href":"https:\/\/der-fliesen-profi.com\/index.php\/wp-json\/wp\/v2\/pages\/3357\/revisions"}],"predecessor-version":[{"id":5192,"href":"https:\/\/der-fliesen-profi.com\/index.php\/wp-json\/wp\/v2\/pages\/3357\/revisions\/5192"}],"wp:attachment":[{"href":"https:\/\/der-fliesen-profi.com\/index.php\/wp-json\/wp\/v2\/media?parent=3357"}],"curies":[{"name":"wp","href":"https:\/\/api.w.org\/{rel}","templated":true}]}}